{"id":16049,"date":"2023-04-14T11:06:45","date_gmt":"2023-04-14T16:06:45","guid":{"rendered":"https:\/\/bouncetozero.com\/testing\/"},"modified":"2025-06-05T03:33:02","modified_gmt":"2025-06-05T08:33:02","slug":"xet-nghiem","status":"publish","type":"page","link":"https:\/\/bouncetozero.com\/vi\/xet-nghiem\/","title":{"rendered":"X\u00e9t nghi\u1ec7m"},"content":{"rendered":"\t\t<div data-elementor-type=\"wp-page\" data-elementor-id=\"16049\" class=\"elementor elementor-16049 elementor-7764\" data-elementor-post-type=\"page\">\n\t\t\t\t\t\t<section class=\"elementor-section elementor-top-section elementor-element elementor-element-1b22562 elementor-section-full_width elementor-section-content-middle elementor-section-height-default elementor-section-height-default\" data-id=\"1b22562\" data-element_type=\"section\" data-settings=\"{&quot;background_background&quot;:&quot;classic&quot;}\">\n\t\t\t\t\t\t\t<div class=\"elementor-background-overlay\"><\/div>\n\t\t\t\t\t\t\t<div class=\"elementor-container elementor-column-gap-default\">\n\t\t\t\t\t<div class=\"elementor-column elementor-col-100 elementor-top-column elementor-element elementor-element-d30df2c parent-container\" data-id=\"d30df2c\" data-element_type=\"column\">\n\t\t\t<div class=\"elementor-widget-wrap elementor-element-populated\">\n\t\t\t\t\t\t<section class=\"elementor-section elementor-inner-section elementor-element elementor-element-988caeb elementor-section-boxed elementor-section-height-default elementor-section-height-default\" data-id=\"988caeb\" data-element_type=\"section\" data-settings=\"{&quot;background_background&quot;:&quot;classic&quot;}\">\n\t\t\t\t\t\t<div class=\"elementor-container elementor-column-gap-default\">\n\t\t\t\t\t<div class=\"elementor-column elementor-col-100 elementor-inner-column elementor-element elementor-element-bf2a796\" data-id=\"bf2a796\" data-element_type=\"column\">\n\t\t\t<div class=\"elementor-widget-wrap elementor-element-populated\">\n\t\t\t\t\t\t<div class=\"elementor-element elementor-element-0c8e8f8 elementor-widget-mobile__width-inherit elementor-widget elementor-widget-heading\" data-id=\"0c8e8f8\" data-element_type=\"widget\" data-widget_type=\"heading.default\">\n\t\t\t\t<div class=\"elementor-widget-container\">\n\t\t\t\t\t<h1 class=\"elementor-heading-title elementor-size-default\"><span class=\"c-highlight c-highlight--title--underline-yellow\">X\u00e9t nghi\u1ec7m<\/span><\/h1>\t\t\t\t<\/div>\n\t\t\t\t<\/div>\n\t\t\t\t<div class=\"elementor-element elementor-element-b2aa840 elementor-widget__width-initial elementor-widget-mobile__width-inherit elementor-widget elementor-widget-text-editor\" data-id=\"b2aa840\" data-element_type=\"widget\" data-widget_type=\"text-editor.default\">\n\t\t\t\t<div class=\"elementor-widget-container\">\n\t\t\t\t\t\t\t\t\t<p>X\u00e9t nghi\u1ec7m \u0111\u1ec3 #NOLAYourStatus ch\u01b0a? Ch\u00fang t\u00f4i cung c\u1ea5p c\u00e1c B\u1ed9 D\u1ee5ng c\u1ee5 X\u00e9t nghi\u1ec7m HIV T\u1ea1i nh\u00e0 MI\u1ec4N PH\u00cd cho b\u1ea5t c\u1ee9 ai t\u1eeb 14 tu\u1ed5i tr\u1edf l\u00ean \u0111ang sinh s\u1ed1ng t\u1ea1i khu v\u1ef1c \u0111\u00f4 th\u1ecb New Orleans. N\u1ebfu qu\u00fd v\u1ecb s\u1ed1ng \u1edf ngo\u00e0i khu v\u1ef1c \u0111\u00f4 th\u1ecb New Orleans ho\u1eb7c Louisiana, h\u00e3y nh\u1ea5p chu\u1ed9t <strong><a href=\"https:\/\/aidsvu.org\/services\/#\/testing\" target=\"_blank\" rel=\"noopener\">t\u1ea1i \u0111\u00e2y.<\/a><\/strong>  <\/p>\n<p>Nh\u1eefng ng\u01b0\u1eddi c\u00f3 nguy c\u01a1 nhi\u1ec5m HIV t\u0103ng cao n\u00ean x\u00e9t nghi\u1ec7m \u00edt nh\u1ea5t m\u1ed9t l\u1ea7n m\u1ed7i n\u0103m.<\/p>\t\t\t\t\t\t\t\t<\/div>\n\t\t\t\t<\/div>\n\t\t\t\t<div class=\"elementor-element elementor-element-279b213 elementor-widget elementor-widget-text-editor\" data-id=\"279b213\" data-element_type=\"widget\" data-widget_type=\"text-editor.default\">\n\t\t\t\t<div class=\"elementor-widget-container\">\n\t\t\t\t\t\t\t\t\t<p>\u0110\u1eb7t m\u1ed9t b\u1ed9 d\u1ee5ng c\u1ee5 X\u00e9t nghi\u1ec7m T\u1ea1i Nh\u00e0 MI\u1ec4N PH\u00cd b\u1eb1ng c\u00e1ch <a href=\"https:\/\/bouncetozero.com\/vi\/ahs-form\/\"><strong>nh\u1ea5p v\u00e0o \u0111\u00e2y<\/strong><\/a>ho\u1eb7c so\u1ea1n tin nh\u1eafn <strong>TEST<\/strong> g\u1eedi \u0111\u1ebfn <strong><a href=\"tel:504-788-2400\">504-788-2400<\/a>.<\/strong><\/p>\n\t\t\t\t\t\t\t\t<\/div>\n\t\t\t\t<\/div>\n\t\t\t\t<div class=\"elementor-element elementor-element-0534fd2 elementor-widget__width-initial elementor-widget-mobile__width-inherit elementor-widget elementor-widget-text-editor\" data-id=\"0534fd2\" data-element_type=\"widget\" data-widget_type=\"text-editor.default\">\n\t\t\t\t<div class=\"elementor-widget-container\">\n\t\t\t\t\t\t\t\t\t<h3><strong>D\u1ecbch v\u1ee5 x\u00e9t nghi\u1ec7m HIV v\u00e0 STI l\u01b0u \u0111\u1ed9ng hi\u1ec7n \u0111\u00e3 c\u00f3 s\u1eb5n. Truy c\u1eadp trang s\u1ef1 ki\u1ec7n c\u1ee7a ch\u00fang t\u00f4i \u0111\u1ec3 ki\u1ec3m tra l\u1ecbch bi\u1ec3u v\u1ec1 ng\u00e0y th\u00e1ng v\u00e0 \u0111\u1ecba \u0111i\u1ec3m c\u1ee7a c\u00e1c \u0110\u01a1n v\u1ecb S\u1ee9c kh\u1ecfe L\u01b0u \u0111\u1ed9ng c\u1ee7a ch\u00fang t\u00f4i! <\/strong><\/h3>\n\t\t\t\t\t\t\t\t<\/div>\n\t\t\t\t<\/div>\n\t\t\t\t<div class=\"elementor-element elementor-element-6fe8e49 elementor-widget__width-initial elementor-widget-mobile__width-inherit elementor-widget elementor-widget-heading\" data-id=\"6fe8e49\" data-element_type=\"widget\" data-widget_type=\"heading.default\">\n\t\t\t\t<div class=\"elementor-widget-container\">\n\t\t\t\t\t<h2 class=\"elementor-heading-title elementor-size-default\">S\u1eed d\u1ee5ng b\u1ea3n \u0111\u1ed3 b\u00ean d\u01b0\u1edbi \u0111\u1ec3 t\u00ecm \u0111i\u1ec3m x\u00e9t nghi\u1ec7m HIV ho\u1eb7c STI (B\u1ec7nh Truy\u1ec1n nhi\u1ec5m qua \u0111\u01b0\u1eddng T\u00ecnh d\u1ee5c) MI\u1ec4N PH\u00cd ho\u1eb7c c\u00f3 chi ph\u00ed th\u1ea5p \u1edf g\u1ea7n qu\u00fd v\u1ecb.<\/h2>\t\t\t\t<\/div>\n\t\t\t\t<\/div>\n\t\t\t\t\t<\/div>\n\t\t<\/div>\n\t\t\t\t\t<\/div>\n\t\t<\/section>\n\t\t\t\t<div class=\"elementor-element elementor-element-0652588 elementor-absolute elementor-hidden-tablet elementor-hidden-mobile elementor-widget__width-initial right-arrow e-transform elementor-widget elementor-widget-image\" data-id=\"0652588\" data-element_type=\"widget\" data-settings=\"{&quot;_position&quot;:&quot;absolute&quot;,&quot;_transform_rotateZ_effect&quot;:{&quot;unit&quot;:&quot;px&quot;,&quot;size&quot;:7,&quot;sizes&quot;:[]},&quot;_transform_rotateZ_effect_tablet&quot;:{&quot;unit&quot;:&quot;deg&quot;,&quot;size&quot;:&quot;&quot;,&quot;sizes&quot;:[]},&quot;_transform_rotateZ_effect_mobile&quot;:{&quot;unit&quot;:&quot;deg&quot;,&quot;size&quot;:&quot;&quot;,&quot;sizes&quot;:[]}}\" data-widget_type=\"image.default\">\n\t\t\t\t<div class=\"elementor-widget-container\">\n\t\t\t\t\t\t\t\t\t\t\t\t\t\t\t<img fetchpriority=\"high\" decoding=\"async\" width=\"321\" height=\"252\" src=\"https:\/\/bouncetozero.com\/wp-content\/uploads\/2024\/11\/Group-1271.png\" class=\"attachment-large size-large wp-image-14962\" alt=\"Arrow\" srcset=\"https:\/\/bouncetozero.com\/wp-content\/uploads\/2024\/11\/Group-1271.png 321w, https:\/\/bouncetozero.com\/wp-content\/uploads\/2024\/11\/Group-1271-300x236.png 300w\" sizes=\"(max-width: 321px) 100vw, 321px\" \/>\t\t\t\t\t\t\t\t\t\t\t\t\t\t\t<\/div>\n\t\t\t\t<\/div>\n\t\t\t\t<div class=\"elementor-element elementor-element-e4c2e17 elementor-widget__width-initial elementor-absolute left-arrow e-transform elementor-hidden-tablet elementor-hidden-mobile elementor-widget elementor-widget-image\" data-id=\"e4c2e17\" data-element_type=\"widget\" data-settings=\"{&quot;_position&quot;:&quot;absolute&quot;,&quot;_transform_rotateZ_effect&quot;:{&quot;unit&quot;:&quot;px&quot;,&quot;size&quot;:-7,&quot;sizes&quot;:[]},&quot;_transform_rotateZ_effect_tablet&quot;:{&quot;unit&quot;:&quot;deg&quot;,&quot;size&quot;:&quot;&quot;,&quot;sizes&quot;:[]},&quot;_transform_rotateZ_effect_mobile&quot;:{&quot;unit&quot;:&quot;deg&quot;,&quot;size&quot;:&quot;&quot;,&quot;sizes&quot;:[]}}\" data-widget_type=\"image.default\">\n\t\t\t\t<div class=\"elementor-widget-container\">\n\t\t\t\t\t\t\t\t\t\t\t\t\t\t\t<img decoding=\"async\" width=\"321\" height=\"252\" src=\"https:\/\/bouncetozero.com\/wp-content\/uploads\/2024\/11\/Group-1444.png\" class=\"attachment-large size-large wp-image-14964\" alt=\"Arrow\" srcset=\"https:\/\/bouncetozero.com\/wp-content\/uploads\/2024\/11\/Group-1444.png 321w, https:\/\/bouncetozero.com\/wp-content\/uploads\/2024\/11\/Group-1444-300x236.png 300w\" sizes=\"(max-width: 321px) 100vw, 321px\" \/>\t\t\t\t\t\t\t\t\t\t\t\t\t\t\t<\/div>\n\t\t\t\t<\/div>\n\t\t\t\t<section class=\"elementor-section elementor-inner-section elementor-element elementor-element-1e446fb elementor-section-full_width elementor-section-height-default elementor-section-height-default\" data-id=\"1e446fb\" data-element_type=\"section\" data-settings=\"{&quot;background_background&quot;:&quot;classic&quot;}\">\n\t\t\t\t\t\t<div class=\"elementor-container elementor-column-gap-default\">\n\t\t\t\t\t<div class=\"elementor-column elementor-col-100 elementor-inner-column elementor-element elementor-element-a8a72f7\" data-id=\"a8a72f7\" data-element_type=\"column\">\n\t\t\t<div class=\"elementor-widget-wrap elementor-element-populated\">\n\t\t\t\t\t\t<div class=\"elementor-element elementor-element-510c13b elementor-widget elementor-widget-shortcode\" data-id=\"510c13b\" data-element_type=\"widget\" data-widget_type=\"shortcode.default\">\n\t\t\t\t<div class=\"elementor-widget-container\">\n\t\t\t\t\t\t\t<div class=\"elementor-shortcode\"><style>\r\n\t#wpsl-stores .wpsl-store-thumb {height:45px !important; width:45px !important;}\r\n\t#wpsl-stores, #wpsl-direction-details, #wpsl-gmap {height:550px !important;}\r\n\t#wpsl-gmap .wpsl-info-window {max-width:225px !important;}\r\n\t.wpsl-input label, #wpsl-radius label, #wpsl-category label {width:95px;}\r\n\t#wpsl-search-input ,#wpsl-category .wpsl-dropdown {width:300px;}\r\n<\/style>\r\n<div id=\"wpsl-wrap\">\r\n\t<div class=\"wpsl-search wpsl-clearfix \">\r\n\t\t<div id=\"wpsl-search-wrap\">\r\n\t\t\t<form autocomplete=\"off\">\r\n\t\t\t<div class=\"wpsl-input\">\r\n\t\t\t\t<div><label for=\"wpsl-search-input\">V\u1ecb tr\u00ed c\u1ee7a qu\u00fd v\u1ecb<\/label><\/div>\r\n\t\t\t\t<input id=\"wpsl-search-input\" type=\"text\" value=\"\" name=\"wpsl-search-input\" placeholder=\"\" aria-required=\"true\" \/>\r\n\t\t\t<\/div>\r\n<div id=\"wpsl-category\">\r\n<label for=\"wpsl-category-list\">Danh m\u1ee5c<\/label>\r\n<select  name='wpsl-category' id='wpsl-category-list' class='wpsl-dropdown'>\n\t<option value='0'>B\u1ea5t k\u1ef3<\/option>\n\t<option class=\"level-0\" value=\"40\" selected=\"selected\">HIV Testing<\/option>\n\t<option class=\"level-0\" value=\"46\">STI Testing<\/option>\n<\/select>\n<\/div>\r\n\t\t\t\t<div class=\"wpsl-search-btn-wrap\"><input id=\"wpsl-search-btn\" type=\"submit\" value=\"Search\"><\/div>\r\n\t\t<\/form>\r\n\t\t<\/div>\r\n\t<\/div>\r\n\t<div id=\"wpsl-gmap\" class=\"wpsl-gmap-canvas\"><\/div>\r\n\t<div id=\"wpsl-result-list\">\r\n\t\t<div id=\"wpsl-stores\" >\r\n\t\t\t<ul><\/ul>\r\n\t\t<\/div>\r\n\t\t<div id=\"wpsl-direction-details\">\r\n\t\t\t<ul><\/ul>\r\n\t\t<\/div>\r\n\t<\/div>\r\n<\/div>\r\n<\/div>\n\t\t\t\t\t\t<\/div>\n\t\t\t\t<\/div>\n\t\t\t\t<div class=\"elementor-element elementor-element-0651b8d elementor-widget elementor-widget-shortcode\" data-id=\"0651b8d\" data-element_type=\"widget\" data-widget_type=\"shortcode.default\">\n\t\t\t\t<div class=\"elementor-widget-container\">\n\t\t\t\t\t\t\t<div class=\"elementor-shortcode\">\n<a href=\"https:\/\/bouncetozero.com\/vi\/agency-intake\/\" class=\"elementor-button-link elementor-button c-highlight-button c-highlight-button--button_color_dark_blue c-highlight-button--highlight_color_yellow \" style=\"background-image:url()\" onmouseover=\"this.style.backgroundImage='url()'\" onmouseout=\"this.style.backgroundImage='url()'\" target=\"\">\n\t<span class=\"elementor-button-content-wrapper\">\n\t\t\t\t\t<span class=\"elementor-button-text c-highlight-button__text\">\u0110\u01b0\u1ee3c li\u1ec7t k\u00ea l\u00e0 nh\u00e0 cung c\u1ea5p d\u1ecbch v\u1ee5<\/span>\n\t\t\t<\/span>\n<\/a><\/div>\n\t\t\t\t\t\t<\/div>\n\t\t\t\t<\/div>\n\t\t\t\t<div class=\"elementor-element elementor-element-8eb7717 elementor-widget elementor-widget-html\" data-id=\"8eb7717\" data-element_type=\"widget\" data-widget_type=\"html.default\">\n\t\t\t\t<div class=\"elementor-widget-container\">\n\t\t\t\t\t<script>window.addEventListener('DOMContentLoaded', function () {\n       const submitLocationFromUrl = function () {\n            const searchParams = new URLSearchParams(window.location.search);\n            \n            if (searchParams.has('location')) {\n                const geolocation = searchParams.get('location');\n                document.querySelector('#wpsl-search-btn').click();\n            }\n       };\n       \n       \/\/submitLocationFromUrl();\n    });\n<\/script>\t\t\t\t<\/div>\n\t\t\t\t<\/div>\n\t\t\t\t\t<\/div>\n\t\t<\/div>\n\t\t\t\t\t<\/div>\n\t\t<\/section>\n\t\t\t\t\t<\/div>\n\t\t<\/div>\n\t\t\t\t\t<\/div>\n\t\t<\/section>\n\t\t\t\t<\/div>\n\t\t","protected":false},"excerpt":{"rendered":"<p>X\u00e9t nghi\u1ec7m X\u00e9t nghi\u1ec7m \u0111\u1ec3 #NOLAYourStatus ch\u01b0a? Ch\u00fang t\u00f4i cung c\u1ea5p c\u00e1c B\u1ed9 D\u1ee5ng c\u1ee5 X\u00e9t nghi\u1ec7m HIV T\u1ea1i nh\u00e0 MI\u1ec4N PH\u00cd cho b\u1ea5t c\u1ee9 ai t\u1eeb 14 tu\u1ed5i tr\u1edf [&hellip;]<\/p>\n","protected":false},"author":2,"featured_media":0,"parent":0,"menu_order":0,"comment_status":"closed","ping_status":"closed","template":"","meta":{"_acf_changed":false,"footnotes":""},"class_list":["post-16049","page","type-page","status-publish","hentry"],"acf":[],"_links":{"self":[{"href":"https:\/\/bouncetozero.com\/vi\/wp-json\/wp\/v2\/pages\/16049","targetHints":{"allow":["GET"]}}],"collection":[{"href":"https:\/\/bouncetozero.com\/vi\/wp-json\/wp\/v2\/pages"}],"about":[{"href":"https:\/\/bouncetozero.com\/vi\/wp-json\/wp\/v2\/types\/page"}],"author":[{"embeddable":true,"href":"https:\/\/bouncetozero.com\/vi\/wp-json\/wp\/v2\/users\/2"}],"replies":[{"embeddable":true,"href":"https:\/\/bouncetozero.com\/vi\/wp-json\/wp\/v2\/comments?post=16049"}],"version-history":[{"count":5,"href":"https:\/\/bouncetozero.com\/vi\/wp-json\/wp\/v2\/pages\/16049\/revisions"}],"predecessor-version":[{"id":16057,"href":"https:\/\/bouncetozero.com\/vi\/wp-json\/wp\/v2\/pages\/16049\/revisions\/16057"}],"wp:attachment":[{"href":"https:\/\/bouncetozero.com\/vi\/wp-json\/wp\/v2\/media?parent=16049"}],"curies":[{"name":"wp","href":"https:\/\/api.w.org\/{rel}","templated":true}]}}