{"id":11355,"date":"2023-04-14T11:06:45","date_gmt":"2023-04-14T16:06:45","guid":{"rendered":"https:\/\/381e9f1e40.nxcli.io\/pruebas\/"},"modified":"2025-04-02T09:03:39","modified_gmt":"2025-04-02T14:03:39","slug":"pruebas","status":"publish","type":"page","link":"https:\/\/bouncetozero.com\/es\/pruebas\/","title":{"rendered":"Pruebas"},"content":{"rendered":"\t\t<div data-elementor-type=\"wp-page\" data-elementor-id=\"11355\" class=\"elementor elementor-11355 elementor-7764\" data-elementor-post-type=\"page\">\n\t\t\t\t\t\t<section class=\"elementor-section elementor-top-section elementor-element elementor-element-1b22562 elementor-section-full_width elementor-section-content-middle elementor-section-height-default elementor-section-height-default\" data-id=\"1b22562\" data-element_type=\"section\" data-settings=\"{&quot;background_background&quot;:&quot;classic&quot;}\">\n\t\t\t\t\t\t\t<div class=\"elementor-background-overlay\"><\/div>\n\t\t\t\t\t\t\t<div class=\"elementor-container elementor-column-gap-default\">\n\t\t\t\t\t<div class=\"elementor-column elementor-col-100 elementor-top-column elementor-element elementor-element-d30df2c parent-container\" data-id=\"d30df2c\" data-element_type=\"column\">\n\t\t\t<div class=\"elementor-widget-wrap elementor-element-populated\">\n\t\t\t\t\t\t<section class=\"elementor-section elementor-inner-section elementor-element elementor-element-988caeb elementor-section-boxed elementor-section-height-default elementor-section-height-default\" data-id=\"988caeb\" data-element_type=\"section\" data-settings=\"{&quot;background_background&quot;:&quot;classic&quot;}\">\n\t\t\t\t\t\t<div class=\"elementor-container elementor-column-gap-default\">\n\t\t\t\t\t<div class=\"elementor-column elementor-col-100 elementor-inner-column elementor-element elementor-element-bf2a796\" data-id=\"bf2a796\" data-element_type=\"column\">\n\t\t\t<div class=\"elementor-widget-wrap elementor-element-populated\">\n\t\t\t\t\t\t<div class=\"elementor-element elementor-element-0c8e8f8 elementor-widget-mobile__width-inherit elementor-widget elementor-widget-heading\" data-id=\"0c8e8f8\" data-element_type=\"widget\" data-widget_type=\"heading.default\">\n\t\t\t\t<div class=\"elementor-widget-container\">\n\t\t\t\t\t<h1 class=\"elementor-heading-title elementor-size-default\"><span class=\"c-highlight c-highlight--title--underline-yellow\">Pruebas<\/span><\/h1>\t\t\t\t<\/div>\n\t\t\t\t<\/div>\n\t\t\t\t<div class=\"elementor-element elementor-element-b2aa840 elementor-widget__width-initial elementor-widget-mobile__width-inherit elementor-widget elementor-widget-text-editor\" data-id=\"b2aa840\" data-element_type=\"widget\" data-widget_type=\"text-editor.default\">\n\t\t\t\t<div class=\"elementor-widget-container\">\n\t\t\t\t\t\t\t\t\t<p>#SuCondici\u00f3nNOLAIgnore \u00bfEst\u00e1 listo? Ofrecemos kits de prueba para el hogar GRATUITOS para cualquier persona mayor de 14 a\u00f1os que viva en la zona metropolitana de Nueva Orleans. Si vive en las afueras de la zona metropolitana de Nueva Orleans o de Luisiana, <strong><a href=\"https:\/\/aidsvu.org\/services\/#\/testing\" target=\"_blank\" rel=\"noopener\">haga clic aqu\u00ed<\/a>.<\/strong>  <\/p>\n<p>Aquellos que est\u00e9n en riesgo de contraer VIH deber\u00edan hacerse una prueba al menos una vez al a\u00f1o.<\/p>\t\t\t\t\t\t\t\t<\/div>\n\t\t\t\t<\/div>\n\t\t\t\t<div class=\"elementor-element elementor-element-279b213 elementor-widget elementor-widget-text-editor\" data-id=\"279b213\" data-element_type=\"widget\" data-widget_type=\"text-editor.default\">\n\t\t\t\t<div class=\"elementor-widget-container\">\n\t\t\t\t\t\t\t\t\t<p>Haga <a href=\"https:\/\/bouncetozero.com\/es\/ahs-es\/\"><strong>clic aqu\u00ed <\/strong><\/a>o env\u00ede <strong>TEST<\/strong> al<strong><a href=\"tel:504-788-2400\"> 504-788-2400<\/a><\/strong> para solicitar una prueba para el hogar GRATUITA.<\/p>\n\t\t\t\t\t\t\t\t<\/div>\n\t\t\t\t<\/div>\n\t\t\t\t<div class=\"elementor-element elementor-element-0534fd2 elementor-widget__width-initial elementor-widget-mobile__width-inherit elementor-widget elementor-widget-text-editor\" data-id=\"0534fd2\" data-element_type=\"widget\" data-widget_type=\"text-editor.default\">\n\t\t\t\t<div class=\"elementor-widget-container\">\n\t\t\t\t\t\t\t\t\t<h3><strong>Ahora ofrecemos servicios ambulatorios de pruebas de VIH e ITS. \u00a1Visite nuestra p\u00e1gina de eventos para consultar el itinerario de fechas y ubicaciones de nuestras unidades de atenci\u00f3n ambulatoria! <\/strong><\/h3>\n\t\t\t\t\t\t\t\t<\/div>\n\t\t\t\t<\/div>\n\t\t\t\t<div class=\"elementor-element elementor-element-6fe8e49 elementor-widget__width-initial elementor-widget-mobile__width-inherit elementor-widget elementor-widget-heading\" data-id=\"6fe8e49\" data-element_type=\"widget\" data-widget_type=\"heading.default\">\n\t\t\t\t<div class=\"elementor-widget-container\">\n\t\t\t\t\t<h2 class=\"elementor-heading-title elementor-size-default\">Utilice el mapa a continuaci\u00f3n para encontrar un sitio cerca suyo donde realizan pruebas de VIH o ITS de forma GRATUITA o a un bajo costo.<\/h2>\t\t\t\t<\/div>\n\t\t\t\t<\/div>\n\t\t\t\t\t<\/div>\n\t\t<\/div>\n\t\t\t\t\t<\/div>\n\t\t<\/section>\n\t\t\t\t<div class=\"elementor-element elementor-element-0652588 elementor-absolute elementor-hidden-tablet elementor-hidden-mobile elementor-widget__width-initial right-arrow e-transform elementor-widget elementor-widget-image\" data-id=\"0652588\" data-element_type=\"widget\" data-settings=\"{&quot;_position&quot;:&quot;absolute&quot;,&quot;_transform_rotateZ_effect&quot;:{&quot;unit&quot;:&quot;px&quot;,&quot;size&quot;:7,&quot;sizes&quot;:[]},&quot;_transform_rotateZ_effect_tablet&quot;:{&quot;unit&quot;:&quot;deg&quot;,&quot;size&quot;:&quot;&quot;,&quot;sizes&quot;:[]},&quot;_transform_rotateZ_effect_mobile&quot;:{&quot;unit&quot;:&quot;deg&quot;,&quot;size&quot;:&quot;&quot;,&quot;sizes&quot;:[]}}\" data-widget_type=\"image.default\">\n\t\t\t\t<div class=\"elementor-widget-container\">\n\t\t\t\t\t\t\t\t\t\t\t\t\t\t\t<img fetchpriority=\"high\" decoding=\"async\" width=\"321\" height=\"252\" src=\"https:\/\/bouncetozero.com\/wp-content\/uploads\/2024\/11\/Group-1271.png\" class=\"attachment-large size-large wp-image-14963\" alt=\"Arrow\" srcset=\"https:\/\/bouncetozero.com\/wp-content\/uploads\/2024\/11\/Group-1271.png 321w, https:\/\/bouncetozero.com\/wp-content\/uploads\/2024\/11\/Group-1271-300x236.png 300w\" sizes=\"(max-width: 321px) 100vw, 321px\" \/>\t\t\t\t\t\t\t\t\t\t\t\t\t\t\t<\/div>\n\t\t\t\t<\/div>\n\t\t\t\t<div class=\"elementor-element elementor-element-e4c2e17 elementor-widget__width-initial elementor-absolute left-arrow e-transform elementor-hidden-tablet elementor-hidden-mobile elementor-widget elementor-widget-image\" data-id=\"e4c2e17\" data-element_type=\"widget\" data-settings=\"{&quot;_position&quot;:&quot;absolute&quot;,&quot;_transform_rotateZ_effect&quot;:{&quot;unit&quot;:&quot;px&quot;,&quot;size&quot;:-7,&quot;sizes&quot;:[]},&quot;_transform_rotateZ_effect_tablet&quot;:{&quot;unit&quot;:&quot;deg&quot;,&quot;size&quot;:&quot;&quot;,&quot;sizes&quot;:[]},&quot;_transform_rotateZ_effect_mobile&quot;:{&quot;unit&quot;:&quot;deg&quot;,&quot;size&quot;:&quot;&quot;,&quot;sizes&quot;:[]}}\" data-widget_type=\"image.default\">\n\t\t\t\t<div class=\"elementor-widget-container\">\n\t\t\t\t\t\t\t\t\t\t\t\t\t\t\t<img decoding=\"async\" width=\"321\" height=\"252\" src=\"https:\/\/bouncetozero.com\/wp-content\/uploads\/2024\/11\/Group-1444.png\" class=\"attachment-large size-large wp-image-14965\" alt=\"Arrow\" srcset=\"https:\/\/bouncetozero.com\/wp-content\/uploads\/2024\/11\/Group-1444.png 321w, https:\/\/bouncetozero.com\/wp-content\/uploads\/2024\/11\/Group-1444-300x236.png 300w\" sizes=\"(max-width: 321px) 100vw, 321px\" \/>\t\t\t\t\t\t\t\t\t\t\t\t\t\t\t<\/div>\n\t\t\t\t<\/div>\n\t\t\t\t<section class=\"elementor-section elementor-inner-section elementor-element elementor-element-1e446fb elementor-section-full_width elementor-section-height-default elementor-section-height-default\" data-id=\"1e446fb\" data-element_type=\"section\" data-settings=\"{&quot;background_background&quot;:&quot;classic&quot;}\">\n\t\t\t\t\t\t<div class=\"elementor-container elementor-column-gap-default\">\n\t\t\t\t\t<div class=\"elementor-column elementor-col-100 elementor-inner-column elementor-element elementor-element-a8a72f7\" data-id=\"a8a72f7\" data-element_type=\"column\">\n\t\t\t<div class=\"elementor-widget-wrap elementor-element-populated\">\n\t\t\t\t\t\t<div class=\"elementor-element elementor-element-510c13b elementor-widget elementor-widget-shortcode\" data-id=\"510c13b\" data-element_type=\"widget\" data-widget_type=\"shortcode.default\">\n\t\t\t\t<div class=\"elementor-widget-container\">\n\t\t\t\t\t\t\t<div class=\"elementor-shortcode\"><style>\r\n\t#wpsl-stores .wpsl-store-thumb {height:45px !important; width:45px !important;}\r\n\t#wpsl-stores, #wpsl-direction-details, #wpsl-gmap {height:550px !important;}\r\n\t#wpsl-gmap .wpsl-info-window {max-width:225px !important;}\r\n\t.wpsl-input label, #wpsl-radius label, #wpsl-category label {width:95px;}\r\n\t#wpsl-search-input ,#wpsl-category .wpsl-dropdown {width:300px;}\r\n<\/style>\r\n<div id=\"wpsl-wrap\">\r\n\t<div class=\"wpsl-search wpsl-clearfix \">\r\n\t\t<div id=\"wpsl-search-wrap\">\r\n\t\t\t<form autocomplete=\"off\">\r\n\t\t\t<div class=\"wpsl-input\">\r\n\t\t\t\t<div><label for=\"wpsl-search-input\">Tu ubicaci\u00f3n<\/label><\/div>\r\n\t\t\t\t<input id=\"wpsl-search-input\" type=\"text\" value=\"\" name=\"wpsl-search-input\" placeholder=\"\" aria-required=\"true\" \/>\r\n\t\t\t<\/div>\r\n<div id=\"wpsl-category\">\r\n<label for=\"wpsl-category-list\">Categor\u00eda<\/label>\r\n<\/div>\r\n\t\t\t\t<div class=\"wpsl-search-btn-wrap\"><input id=\"wpsl-search-btn\" type=\"submit\" value=\"Buscar\"><\/div>\r\n\t\t<\/form>\r\n\t\t<\/div>\r\n\t<\/div>\r\n\t<div id=\"wpsl-gmap\" class=\"wpsl-gmap-canvas\"><\/div>\r\n\t<div id=\"wpsl-result-list\">\r\n\t\t<div id=\"wpsl-stores\" >\r\n\t\t\t<ul><\/ul>\r\n\t\t<\/div>\r\n\t\t<div id=\"wpsl-direction-details\">\r\n\t\t\t<ul><\/ul>\r\n\t\t<\/div>\r\n\t<\/div>\r\n<\/div>\r\n<\/div>\n\t\t\t\t\t\t<\/div>\n\t\t\t\t<\/div>\n\t\t\t\t<div class=\"elementor-element elementor-element-0651b8d elementor-widget elementor-widget-shortcode\" data-id=\"0651b8d\" data-element_type=\"widget\" data-widget_type=\"shortcode.default\">\n\t\t\t\t<div class=\"elementor-widget-container\">\n\t\t\t\t\t\t\t<div class=\"elementor-shortcode\">\n<a href=\"https:\/\/bouncetozero.com\/agency-intake\/\" class=\"elementor-button-link elementor-button c-highlight-button c-highlight-button--button_color_dark_blue c-highlight-button--highlight_color_yellow \" style=\"background-image:url()\" onmouseover=\"this.style.backgroundImage='url()'\" onmouseout=\"this.style.backgroundImage='url()'\" target=\"\">\n\t<span class=\"elementor-button-content-wrapper\">\n\t\t\t\t\t<span class=\"elementor-button-text c-highlight-button__text\">Reg\u00edstrate como Proveedor de Servicios<\/span>\n\t\t\t<\/span>\n<\/a><\/div>\n\t\t\t\t\t\t<\/div>\n\t\t\t\t<\/div>\n\t\t\t\t<div class=\"elementor-element elementor-element-8eb7717 elementor-widget elementor-widget-html\" data-id=\"8eb7717\" data-element_type=\"widget\" data-widget_type=\"html.default\">\n\t\t\t\t<div class=\"elementor-widget-container\">\n\t\t\t\t\t<script>window.addEventListener('DOMContentLoaded', function () {\n       const submitLocationFromUrl = function () {\n            const searchParams = new URLSearchParams(window.location.search);\n            \n            if (searchParams.has('location')) {\n                const geolocation = searchParams.get('location');\n                document.querySelector('#wpsl-search-btn').click();\n            }\n       };\n       \n       \/\/submitLocationFromUrl();\n    });\n<\/script>\t\t\t\t<\/div>\n\t\t\t\t<\/div>\n\t\t\t\t\t<\/div>\n\t\t<\/div>\n\t\t\t\t\t<\/div>\n\t\t<\/section>\n\t\t\t\t\t<\/div>\n\t\t<\/div>\n\t\t\t\t\t<\/div>\n\t\t<\/section>\n\t\t\t\t<\/div>\n\t\t","protected":false},"excerpt":{"rendered":"<p>Pruebas #SuCondici\u00f3nNOLAIgnore \u00bfEst\u00e1 listo? Ofrecemos kits de prueba para el hogar GRATUITOS para cualquier persona mayor de 14 a\u00f1os que viva en la zona metropolitana de Nueva Orleans. Si vive [&hellip;]<\/p>\n","protected":false},"author":2,"featured_media":0,"parent":0,"menu_order":0,"comment_status":"closed","ping_status":"closed","template":"","meta":{"_acf_changed":false,"footnotes":""},"class_list":["post-11355","page","type-page","status-publish","hentry"],"acf":[],"_links":{"self":[{"href":"https:\/\/bouncetozero.com\/es\/wp-json\/wp\/v2\/pages\/11355","targetHints":{"allow":["GET"]}}],"collection":[{"href":"https:\/\/bouncetozero.com\/es\/wp-json\/wp\/v2\/pages"}],"about":[{"href":"https:\/\/bouncetozero.com\/es\/wp-json\/wp\/v2\/types\/page"}],"author":[{"embeddable":true,"href":"https:\/\/bouncetozero.com\/es\/wp-json\/wp\/v2\/users\/2"}],"replies":[{"embeddable":true,"href":"https:\/\/bouncetozero.com\/es\/wp-json\/wp\/v2\/comments?post=11355"}],"version-history":[{"count":4,"href":"https:\/\/bouncetozero.com\/es\/wp-json\/wp\/v2\/pages\/11355\/revisions"}],"predecessor-version":[{"id":15618,"href":"https:\/\/bouncetozero.com\/es\/wp-json\/wp\/v2\/pages\/11355\/revisions\/15618"}],"wp:attachment":[{"href":"https:\/\/bouncetozero.com\/es\/wp-json\/wp\/v2\/media?parent=11355"}],"curies":[{"name":"wp","href":"https:\/\/api.w.org\/{rel}","templated":true}]}}